{"id":77,"date":"2014-08-03T22:18:24","date_gmt":"2014-08-03T20:18:24","guid":{"rendered":"http:\/\/napoleoncup.se\/wp\/?page_id=77"},"modified":"2021-08-02T22:22:09","modified_gmt":"2021-08-02T20:22:09","slug":"2014-2","status":"publish","type":"page","link":"https:\/\/napoleoncup.se\/wp\/?page_id=77","title":{"rendered":"2014"},"content":{"rendered":"<p>Napoleon Cup, 2 augusti 2014, V\u00e4xj\u00f6 GK, V\u00e4xj\u00f6<\/p>\n<p>1. Carl Z, 44 p.<\/p>\n<p>2. Thorsten B, 36 p.<\/p>\n<p>3. Tina L, 35 p.<\/p>\n<p>L\u00e4ngsta drive &#8211; damer: Kerstin E<\/p>\n<p>L\u00e4ngsta drive &#8211; herrar: Rolf B<\/p>\n<p>N\u00e4rmast h\u00e5l: Tina L<\/p>\n<p>&nbsp;<\/p>\n<p>&nbsp;<\/p>\n<p>Trevlig var det ocks\u00e5 p\u00e5 kalaset efter\u00e5t<\/p>\n<p><a href=\"https:\/\/napoleoncup.se\/wp\/wp-content\/uploads\/2014\/08\/T\u00f6md-Ixus-20140904-895.jpg\"><img loading=\"lazy\" decoding=\"async\" class=\"alignleft wp-image-88 size-medium\" src=\"https:\/\/napoleoncup.se\/wp\/wp-content\/uploads\/2014\/08\/T\u00f6md-Ixus-20140904-895-300x225.jpg\" alt=\"2014 fest\" width=\"300\" height=\"225\" srcset=\"https:\/\/napoleoncup.se\/wp\/wp-content\/uploads\/2014\/08\/T\u00f6md-Ixus-20140904-895-300x225.jpg 300w, https:\/\/napoleoncup.se\/wp\/wp-content\/uploads\/2014\/08\/T\u00f6md-Ixus-20140904-895-1024x768.jpg 1024w\" sizes=\"auto, (max-width: 300px) 100vw, 300px\" \/><\/a><\/p>\n","protected":false},"excerpt":{"rendered":"<p>Napoleon Cup, 2 augusti 2014, V\u00e4xj\u00f6 GK, V\u00e4xj\u00f6 1. Carl Z, 44 p. 2. Thorsten B, 36 p. 3. Tina L, 35 p. L\u00e4ngsta drive &#8211; damer: Kerstin E L\u00e4ngsta drive &#8211; herrar: Rolf B N\u00e4rmast h\u00e5l: Tina L &nbsp;<\/p>\n","protected":false},"author":1,"featured_media":0,"parent":24,"menu_order":33,"comment_status":"open","ping_status":"closed","template":"","meta":{"footnotes":""},"class_list":["post-77","page","type-page","status-publish","hentry"],"_links":{"self":[{"href":"https:\/\/napoleoncup.se\/wp\/index.php?rest_route=\/wp\/v2\/pages\/77","targetHints":{"allow":["GET"]}}],"collection":[{"href":"https:\/\/napoleoncup.se\/wp\/index.php?rest_route=\/wp\/v2\/pages"}],"about":[{"href":"https:\/\/napoleoncup.se\/wp\/index.php?rest_route=\/wp\/v2\/types\/page"}],"author":[{"embeddable":true,"href":"https:\/\/napoleoncup.se\/wp\/index.php?rest_route=\/wp\/v2\/users\/1"}],"replies":[{"embeddable":true,"href":"https:\/\/napoleoncup.se\/wp\/index.php?rest_route=%2Fwp%2Fv2%2Fcomments&post=77"}],"version-history":[{"count":4,"href":"https:\/\/napoleoncup.se\/wp\/index.php?rest_route=\/wp\/v2\/pages\/77\/revisions"}],"predecessor-version":[{"id":90,"href":"https:\/\/napoleoncup.se\/wp\/index.php?rest_route=\/wp\/v2\/pages\/77\/revisions\/90"}],"up":[{"embeddable":true,"href":"https:\/\/napoleoncup.se\/wp\/index.php?rest_route=\/wp\/v2\/pages\/24"}],"wp:attachment":[{"href":"https:\/\/napoleoncup.se\/wp\/index.php?rest_route=%2Fwp%2Fv2%2Fmedia&parent=77"}],"curies":[{"name":"wp","href":"https:\/\/api.w.org\/{rel}","templated":true}]}}