{"id":67,"date":"2014-05-04T11:52:10","date_gmt":"2014-05-04T09:52:10","guid":{"rendered":"http:\/\/napoleoncup.se\/wp\/?page_id=67"},"modified":"2021-08-02T22:19:08","modified_gmt":"2021-08-02T20:19:08","slug":"1999-2","status":"publish","type":"page","link":"https:\/\/napoleoncup.se\/wp\/?page_id=67","title":{"rendered":"1999"},"content":{"rendered":"<p>Napoleon Cup, 10 juli 1999, V\u00e4xj\u00f6 GK, V\u00e4xj\u00f6<\/p>\n<p>1. Fredrik Z, 38 p.<\/p>\n<p>2. Siv Z, 33 p.<\/p>\n<p>3. Rolf B, 32 p.<\/p>\n","protected":false},"excerpt":{"rendered":"<p>Napoleon Cup, 10 juli 1999, V\u00e4xj\u00f6 GK, V\u00e4xj\u00f6 1. Fredrik Z, 38 p. 2. Siv Z, 33 p. 3. Rolf B, 32 p.<\/p>\n","protected":false},"author":1,"featured_media":0,"parent":24,"menu_order":48,"comment_status":"open","ping_status":"closed","template":"","meta":{"footnotes":""},"class_list":["post-67","page","type-page","status-publish","hentry"],"_links":{"self":[{"href":"https:\/\/napoleoncup.se\/wp\/index.php?rest_route=\/wp\/v2\/pages\/67","targetHints":{"allow":["GET"]}}],"collection":[{"href":"https:\/\/napoleoncup.se\/wp\/index.php?rest_route=\/wp\/v2\/pages"}],"about":[{"href":"https:\/\/napoleoncup.se\/wp\/index.php?rest_route=\/wp\/v2\/types\/page"}],"author":[{"embeddable":true,"href":"https:\/\/napoleoncup.se\/wp\/index.php?rest_route=\/wp\/v2\/users\/1"}],"replies":[{"embeddable":true,"href":"https:\/\/napoleoncup.se\/wp\/index.php?rest_route=%2Fwp%2Fv2%2Fcomments&post=67"}],"version-history":[{"count":1,"href":"https:\/\/napoleoncup.se\/wp\/index.php?rest_route=\/wp\/v2\/pages\/67\/revisions"}],"predecessor-version":[{"id":68,"href":"https:\/\/napoleoncup.se\/wp\/index.php?rest_route=\/wp\/v2\/pages\/67\/revisions\/68"}],"up":[{"embeddable":true,"href":"https:\/\/napoleoncup.se\/wp\/index.php?rest_route=\/wp\/v2\/pages\/24"}],"wp:attachment":[{"href":"https:\/\/napoleoncup.se\/wp\/index.php?rest_route=%2Fwp%2Fv2%2Fmedia&parent=67"}],"curies":[{"name":"wp","href":"https:\/\/api.w.org\/{rel}","templated":true}]}}