{"id":57,"date":"2014-05-04T11:35:30","date_gmt":"2014-05-04T09:35:30","guid":{"rendered":"http:\/\/napoleoncup.se\/wp\/?page_id=57"},"modified":"2021-08-02T22:20:15","modified_gmt":"2021-08-02T20:20:15","slug":"2004-2","status":"publish","type":"page","link":"https:\/\/napoleoncup.se\/wp\/?page_id=57","title":{"rendered":"2004"},"content":{"rendered":"<p>Napoleon Cup, 14 augusti 2004, V\u00e4xj\u00f6 GK, V\u00e4xj\u00f6<\/p>\n<p>1. Fredrik Z, 33 p.<\/p>\n<p>2. Rolf B, 32 p.<\/p>\n<p>3. Sven B, 31 p.<\/p>\n","protected":false},"excerpt":{"rendered":"<p>Napoleon Cup, 14 augusti 2004, V\u00e4xj\u00f6 GK, V\u00e4xj\u00f6 1. Fredrik Z, 33 p. 2. Rolf B, 32 p. 3. Sven B, 31 p.<\/p>\n","protected":false},"author":1,"featured_media":0,"parent":24,"menu_order":43,"comment_status":"open","ping_status":"closed","template":"","meta":{"footnotes":""},"class_list":["post-57","page","type-page","status-publish","hentry"],"_links":{"self":[{"href":"https:\/\/napoleoncup.se\/wp\/index.php?rest_route=\/wp\/v2\/pages\/57","targetHints":{"allow":["GET"]}}],"collection":[{"href":"https:\/\/napoleoncup.se\/wp\/index.php?rest_route=\/wp\/v2\/pages"}],"about":[{"href":"https:\/\/napoleoncup.se\/wp\/index.php?rest_route=\/wp\/v2\/types\/page"}],"author":[{"embeddable":true,"href":"https:\/\/napoleoncup.se\/wp\/index.php?rest_route=\/wp\/v2\/users\/1"}],"replies":[{"embeddable":true,"href":"https:\/\/napoleoncup.se\/wp\/index.php?rest_route=%2Fwp%2Fv2%2Fcomments&post=57"}],"version-history":[{"count":1,"href":"https:\/\/napoleoncup.se\/wp\/index.php?rest_route=\/wp\/v2\/pages\/57\/revisions"}],"predecessor-version":[{"id":58,"href":"https:\/\/napoleoncup.se\/wp\/index.php?rest_route=\/wp\/v2\/pages\/57\/revisions\/58"}],"up":[{"embeddable":true,"href":"https:\/\/napoleoncup.se\/wp\/index.php?rest_route=\/wp\/v2\/pages\/24"}],"wp:attachment":[{"href":"https:\/\/napoleoncup.se\/wp\/index.php?rest_route=%2Fwp%2Fv2%2Fmedia&parent=57"}],"curies":[{"name":"wp","href":"https:\/\/api.w.org\/{rel}","templated":true}]}}