{"id":37,"date":"2014-05-03T22:07:22","date_gmt":"2014-05-03T20:07:22","guid":{"rendered":"http:\/\/napoleoncup.se\/wp\/?page_id=37"},"modified":"2021-08-02T22:21:38","modified_gmt":"2021-08-02T20:21:38","slug":"2010-2","status":"publish","type":"page","link":"https:\/\/napoleoncup.se\/wp\/?page_id=37","title":{"rendered":"2010"},"content":{"rendered":"<p>Napoleon Cup, 24 juli 2010, Lagans GK, Ljungby<\/p>\n<p>1. Sven B, 36 p.<\/p>\n<p>2. Kerstin E, 32 p.<\/p>\n<p>3. Elisabeth E, 29 p.<\/p>\n<p>L\u00e4ngsta drive &#8211; damer: Kerstin E<\/p>\n<p>L\u00e4ngsta drive &#8211; herrar: Henrik Z<\/p>\n<p>N\u00e4rmast h\u00e5l: Sven B<\/p>\n","protected":false},"excerpt":{"rendered":"<p>Napoleon Cup, 24 juli 2010, Lagans GK, Ljungby 1. Sven B, 36 p. 2. Kerstin E, 32 p. 3. Elisabeth E, 29 p. L\u00e4ngsta drive &#8211; damer: Kerstin E L\u00e4ngsta drive &#8211; herrar: Henrik Z N\u00e4rmast h\u00e5l: Sven B<\/p>\n","protected":false},"author":1,"featured_media":0,"parent":24,"menu_order":37,"comment_status":"open","ping_status":"closed","template":"","meta":{"footnotes":""},"class_list":["post-37","page","type-page","status-publish","hentry"],"_links":{"self":[{"href":"https:\/\/napoleoncup.se\/wp\/index.php?rest_route=\/wp\/v2\/pages\/37","targetHints":{"allow":["GET"]}}],"collection":[{"href":"https:\/\/napoleoncup.se\/wp\/index.php?rest_route=\/wp\/v2\/pages"}],"about":[{"href":"https:\/\/napoleoncup.se\/wp\/index.php?rest_route=\/wp\/v2\/types\/page"}],"author":[{"embeddable":true,"href":"https:\/\/napoleoncup.se\/wp\/index.php?rest_route=\/wp\/v2\/users\/1"}],"replies":[{"embeddable":true,"href":"https:\/\/napoleoncup.se\/wp\/index.php?rest_route=%2Fwp%2Fv2%2Fcomments&post=37"}],"version-history":[{"count":2,"href":"https:\/\/napoleoncup.se\/wp\/index.php?rest_route=\/wp\/v2\/pages\/37\/revisions"}],"predecessor-version":[{"id":52,"href":"https:\/\/napoleoncup.se\/wp\/index.php?rest_route=\/wp\/v2\/pages\/37\/revisions\/52"}],"up":[{"embeddable":true,"href":"https:\/\/napoleoncup.se\/wp\/index.php?rest_route=\/wp\/v2\/pages\/24"}],"wp:attachment":[{"href":"https:\/\/napoleoncup.se\/wp\/index.php?rest_route=%2Fwp%2Fv2%2Fmedia&parent=37"}],"curies":[{"name":"wp","href":"https:\/\/api.w.org\/{rel}","templated":true}]}}