{"id":35,"date":"2014-05-03T22:04:56","date_gmt":"2014-05-03T20:04:56","guid":{"rendered":"http:\/\/napoleoncup.se\/wp\/?page_id=35"},"modified":"2023-07-31T22:45:33","modified_gmt":"2023-07-31T20:45:33","slug":"2011-2","status":"publish","type":"page","link":"https:\/\/napoleoncup.se\/wp\/?page_id=35","title":{"rendered":"2011"},"content":{"rendered":"<p>Napoleon Cup, 23 juli 2011, Forsg\u00e5rdens GK, Kungsbacka<\/p>\n<p>1. Sven B, 36 p.<\/p>\n<p>2. Fredrik Z, 35 p.<\/p>\n<p>3. Kerstin E, 32 p.<\/p>\n<p>L\u00e4ngsta drive &#8211; damer: Kerstin E<\/p>\n<p>L\u00e4ngsta drive &#8211; herrar: Rolf B<\/p>\n<p>N\u00e4rmast h\u00e5l: Henrik Z<\/p>\n","protected":false},"excerpt":{"rendered":"<p>Napoleon Cup, 23 juli 2011, Forsg\u00e5rdens GK, Kungsbacka 1. Sven B, 36 p. 2. Fredrik Z, 35 p. 3. Kerstin E, 32 p. L\u00e4ngsta drive &#8211; damer: Kerstin E L\u00e4ngsta drive &#8211; herrar: Rolf B N\u00e4rmast h\u00e5l: Henrik Z<\/p>\n","protected":false},"author":1,"featured_media":0,"parent":24,"menu_order":36,"comment_status":"open","ping_status":"closed","template":"","meta":{"footnotes":""},"class_list":["post-35","page","type-page","status-publish","hentry"],"_links":{"self":[{"href":"https:\/\/napoleoncup.se\/wp\/index.php?rest_route=\/wp\/v2\/pages\/35","targetHints":{"allow":["GET"]}}],"collection":[{"href":"https:\/\/napoleoncup.se\/wp\/index.php?rest_route=\/wp\/v2\/pages"}],"about":[{"href":"https:\/\/napoleoncup.se\/wp\/index.php?rest_route=\/wp\/v2\/types\/page"}],"author":[{"embeddable":true,"href":"https:\/\/napoleoncup.se\/wp\/index.php?rest_route=\/wp\/v2\/users\/1"}],"replies":[{"embeddable":true,"href":"https:\/\/napoleoncup.se\/wp\/index.php?rest_route=%2Fwp%2Fv2%2Fcomments&post=35"}],"version-history":[{"count":3,"href":"https:\/\/napoleoncup.se\/wp\/index.php?rest_route=\/wp\/v2\/pages\/35\/revisions"}],"predecessor-version":[{"id":262,"href":"https:\/\/napoleoncup.se\/wp\/index.php?rest_route=\/wp\/v2\/pages\/35\/revisions\/262"}],"up":[{"embeddable":true,"href":"https:\/\/napoleoncup.se\/wp\/index.php?rest_route=\/wp\/v2\/pages\/24"}],"wp:attachment":[{"href":"https:\/\/napoleoncup.se\/wp\/index.php?rest_route=%2Fwp%2Fv2%2Fmedia&parent=35"}],"curies":[{"name":"wp","href":"https:\/\/api.w.org\/{rel}","templated":true}]}}