{"id":33,"date":"2014-05-03T22:02:08","date_gmt":"2014-05-03T20:02:08","guid":{"rendered":"http:\/\/napoleoncup.se\/wp\/?page_id=33"},"modified":"2021-08-02T22:21:55","modified_gmt":"2021-08-02T20:21:55","slug":"2012-2","status":"publish","type":"page","link":"https:\/\/napoleoncup.se\/wp\/?page_id=33","title":{"rendered":"2012"},"content":{"rendered":"<p>Napoleon Cup, 21 juli 2012, V\u00e4xj\u00f6 GK, V\u00e4xj\u00f6<\/p>\n<p>1. Paul J, 37 p.<\/p>\n<p>2. Fredrik Z, 31 p.<\/p>\n<p>3. Rolf B, 30 p.<\/p>\n<p>&nbsp;<\/p>\n","protected":false},"excerpt":{"rendered":"<p>Napoleon Cup, 21 juli 2012, V\u00e4xj\u00f6 GK, V\u00e4xj\u00f6 1. Paul J, 37 p. 2. Fredrik Z, 31 p. 3. Rolf B, 30 p. &nbsp;<\/p>\n","protected":false},"author":1,"featured_media":0,"parent":24,"menu_order":35,"comment_status":"open","ping_status":"closed","template":"","meta":{"footnotes":""},"class_list":["post-33","page","type-page","status-publish","hentry"],"_links":{"self":[{"href":"https:\/\/napoleoncup.se\/wp\/index.php?rest_route=\/wp\/v2\/pages\/33","targetHints":{"allow":["GET"]}}],"collection":[{"href":"https:\/\/napoleoncup.se\/wp\/index.php?rest_route=\/wp\/v2\/pages"}],"about":[{"href":"https:\/\/napoleoncup.se\/wp\/index.php?rest_route=\/wp\/v2\/types\/page"}],"author":[{"embeddable":true,"href":"https:\/\/napoleoncup.se\/wp\/index.php?rest_route=\/wp\/v2\/users\/1"}],"replies":[{"embeddable":true,"href":"https:\/\/napoleoncup.se\/wp\/index.php?rest_route=%2Fwp%2Fv2%2Fcomments&post=33"}],"version-history":[{"count":1,"href":"https:\/\/napoleoncup.se\/wp\/index.php?rest_route=\/wp\/v2\/pages\/33\/revisions"}],"predecessor-version":[{"id":34,"href":"https:\/\/napoleoncup.se\/wp\/index.php?rest_route=\/wp\/v2\/pages\/33\/revisions\/34"}],"up":[{"embeddable":true,"href":"https:\/\/napoleoncup.se\/wp\/index.php?rest_route=\/wp\/v2\/pages\/24"}],"wp:attachment":[{"href":"https:\/\/napoleoncup.se\/wp\/index.php?rest_route=%2Fwp%2Fv2%2Fmedia&parent=33"}],"curies":[{"name":"wp","href":"https:\/\/api.w.org\/{rel}","templated":true}]}}