{"id":287,"date":"2025-07-28T12:33:00","date_gmt":"2025-07-28T10:33:00","guid":{"rendered":"https:\/\/napoleoncup.se\/wp\/?page_id=287"},"modified":"2025-07-28T12:37:31","modified_gmt":"2025-07-28T10:37:31","slug":"2025-2","status":"publish","type":"page","link":"https:\/\/napoleoncup.se\/wp\/?page_id=287","title":{"rendered":"2025"},"content":{"rendered":"\n<p>Napoleon Cup, 26 juli 2025, V\u00e4xj\u00f6 GK, V\u00e4xj\u00f6<\/p>\n\n\n\n<div class=\"wp-block-group is-vertical is-layout-flex wp-container-core-group-is-layout-8cf370e7 wp-block-group-is-layout-flex\">\n<p>Sven B, 71<\/p>\n\n\n\n<p>Krister K, 72<\/p>\n\n\n\n<p>Paul J, 73<\/p>\n\n\n\n<p><\/p>\n<\/div>\n\n\n\n<div class=\"wp-block-group is-vertical is-layout-flex wp-container-core-group-is-layout-8cf370e7 wp-block-group-is-layout-flex\">\n<p>L\u00e4ngsta drive &#8211; damer: Marita J &#8211; ca 180 m<\/p>\n\n\n\n<p>L\u00e4ngsta drive &#8211; herrar: Philip B &#8211; ca 220 m<\/p>\n\n\n\n<p>N\u00e4rmast h\u00e5l: Rolf B &#8211; 4,95 m<\/p>\n<\/div>\n\n\n\n<p><\/p>\n","protected":false},"excerpt":{"rendered":"<p>Napoleon Cup, 26 juli 2025, V\u00e4xj\u00f6 GK, V\u00e4xj\u00f6 Sven B, 71 Krister K, 72 Paul J, 73 L\u00e4ngsta drive &#8211; damer: Marita J &#8211; ca 180 m L\u00e4ngsta drive &#8211; herrar: Philip B &#8211; ca 220 m N\u00e4rmast h\u00e5l: Rolf<\/p>\n","protected":false},"author":3,"featured_media":0,"parent":24,"menu_order":0,"comment_status":"closed","ping_status":"closed","template":"","meta":{"footnotes":""},"class_list":["post-287","page","type-page","status-publish","hentry"],"_links":{"self":[{"href":"https:\/\/napoleoncup.se\/wp\/index.php?rest_route=\/wp\/v2\/pages\/287","targetHints":{"allow":["GET"]}}],"collection":[{"href":"https:\/\/napoleoncup.se\/wp\/index.php?rest_route=\/wp\/v2\/pages"}],"about":[{"href":"https:\/\/napoleoncup.se\/wp\/index.php?rest_route=\/wp\/v2\/types\/page"}],"author":[{"embeddable":true,"href":"https:\/\/napoleoncup.se\/wp\/index.php?rest_route=\/wp\/v2\/users\/3"}],"replies":[{"embeddable":true,"href":"https:\/\/napoleoncup.se\/wp\/index.php?rest_route=%2Fwp%2Fv2%2Fcomments&post=287"}],"version-history":[{"count":3,"href":"https:\/\/napoleoncup.se\/wp\/index.php?rest_route=\/wp\/v2\/pages\/287\/revisions"}],"predecessor-version":[{"id":291,"href":"https:\/\/napoleoncup.se\/wp\/index.php?rest_route=\/wp\/v2\/pages\/287\/revisions\/291"}],"up":[{"embeddable":true,"href":"https:\/\/napoleoncup.se\/wp\/index.php?rest_route=\/wp\/v2\/pages\/24"}],"wp:attachment":[{"href":"https:\/\/napoleoncup.se\/wp\/index.php?rest_route=%2Fwp%2Fv2%2Fmedia&parent=287"}],"curies":[{"name":"wp","href":"https:\/\/api.w.org\/{rel}","templated":true}]}}