{"id":275,"date":"2024-07-29T22:55:52","date_gmt":"2024-07-29T20:55:52","guid":{"rendered":"https:\/\/napoleoncup.se\/wp\/?page_id=275"},"modified":"2024-07-29T23:02:51","modified_gmt":"2024-07-29T21:02:51","slug":"2024-2","status":"publish","type":"page","link":"https:\/\/napoleoncup.se\/wp\/?page_id=275","title":{"rendered":"2024"},"content":{"rendered":"\n<p>Napoleon Cup, 27 juli 2024, V\u00e4xj\u00f6 GK, V\u00e4xj\u00f6<\/p>\n\n\n\n<div class=\"wp-block-group is-vertical is-layout-flex wp-container-core-group-is-layout-8cf370e7 wp-block-group-is-layout-flex\">\n<p>Kristina E, 71<\/p>\n\n\n\n<p>Siv Z, 73<\/p>\n\n\n\n<p><\/p>\n<\/div>\n\n\n\n<div class=\"wp-block-group is-vertical is-layout-flex wp-container-core-group-is-layout-8cf370e7 wp-block-group-is-layout-flex\">\n<p>L\u00e4ngsta drive &#8211; damer: delat mellan Tina L och Kristina E<\/p>\n\n\n\n<p>L\u00e4ngsta drive &#8211; herrar: Henrik Z<\/p>\n\n\n\n<p>N\u00e4rmast h\u00e5l: Kerstin E<\/p>\n<\/div>\n","protected":false},"excerpt":{"rendered":"<p>Napoleon Cup, 27 juli 2024, V\u00e4xj\u00f6 GK, V\u00e4xj\u00f6 Kristina E, 71 Siv Z, 73 L\u00e4ngsta drive &#8211; damer: delat mellan Tina L och Kristina E L\u00e4ngsta drive &#8211; herrar: Henrik Z N\u00e4rmast h\u00e5l: Kerstin E<\/p>\n","protected":false},"author":1,"featured_media":0,"parent":24,"menu_order":22,"comment_status":"closed","ping_status":"closed","template":"","meta":{"footnotes":""},"class_list":["post-275","page","type-page","status-publish","hentry"],"_links":{"self":[{"href":"https:\/\/napoleoncup.se\/wp\/index.php?rest_route=\/wp\/v2\/pages\/275","targetHints":{"allow":["GET"]}}],"collection":[{"href":"https:\/\/napoleoncup.se\/wp\/index.php?rest_route=\/wp\/v2\/pages"}],"about":[{"href":"https:\/\/napoleoncup.se\/wp\/index.php?rest_route=\/wp\/v2\/types\/page"}],"author":[{"embeddable":true,"href":"https:\/\/napoleoncup.se\/wp\/index.php?rest_route=\/wp\/v2\/users\/1"}],"replies":[{"embeddable":true,"href":"https:\/\/napoleoncup.se\/wp\/index.php?rest_route=%2Fwp%2Fv2%2Fcomments&post=275"}],"version-history":[{"count":1,"href":"https:\/\/napoleoncup.se\/wp\/index.php?rest_route=\/wp\/v2\/pages\/275\/revisions"}],"predecessor-version":[{"id":276,"href":"https:\/\/napoleoncup.se\/wp\/index.php?rest_route=\/wp\/v2\/pages\/275\/revisions\/276"}],"up":[{"embeddable":true,"href":"https:\/\/napoleoncup.se\/wp\/index.php?rest_route=\/wp\/v2\/pages\/24"}],"wp:attachment":[{"href":"https:\/\/napoleoncup.se\/wp\/index.php?rest_route=%2Fwp%2Fv2%2Fmedia&parent=275"}],"curies":[{"name":"wp","href":"https:\/\/api.w.org\/{rel}","templated":true}]}}