{"id":257,"date":"2023-07-31T22:07:09","date_gmt":"2023-07-31T20:07:09","guid":{"rendered":"https:\/\/napoleoncup.se\/wp\/?page_id=257"},"modified":"2023-07-31T22:21:37","modified_gmt":"2023-07-31T20:21:37","slug":"2023-2","status":"publish","type":"page","link":"https:\/\/napoleoncup.se\/wp\/?page_id=257","title":{"rendered":"2023"},"content":{"rendered":"\n<p>Napoleon Cup, 29 juli 2023, V\u00e4xj\u00f6 GK, V\u00e4xj\u00f6<br \/><\/p>\n\n\n\n<p>Rolf B, 64<br \/>Henrik Z, 68<br \/>Krister K, 69<br \/><\/p>\n\n\n\n<p>L\u00e4ngsta drive &#8211; damer: Tina L<br \/>L\u00e4ngsta drive &#8211; herrar: Paul J<br \/>N\u00e4rmast h\u00e5l: Rolf B<br \/><\/p>\n","protected":false},"excerpt":{"rendered":"<p>Napoleon Cup, 29 juli 2023, V\u00e4xj\u00f6 GK, V\u00e4xj\u00f6 Rolf B, 64Henrik Z, 68Krister K, 69 L\u00e4ngsta drive &#8211; damer: Tina LL\u00e4ngsta drive &#8211; herrar: Paul JN\u00e4rmast h\u00e5l: Rolf B<\/p>\n","protected":false},"author":1,"featured_media":0,"parent":24,"menu_order":23,"comment_status":"closed","ping_status":"closed","template":"","meta":{"footnotes":""},"class_list":["post-257","page","type-page","status-publish","hentry"],"_links":{"self":[{"href":"https:\/\/napoleoncup.se\/wp\/index.php?rest_route=\/wp\/v2\/pages\/257","targetHints":{"allow":["GET"]}}],"collection":[{"href":"https:\/\/napoleoncup.se\/wp\/index.php?rest_route=\/wp\/v2\/pages"}],"about":[{"href":"https:\/\/napoleoncup.se\/wp\/index.php?rest_route=\/wp\/v2\/types\/page"}],"author":[{"embeddable":true,"href":"https:\/\/napoleoncup.se\/wp\/index.php?rest_route=\/wp\/v2\/users\/1"}],"replies":[{"embeddable":true,"href":"https:\/\/napoleoncup.se\/wp\/index.php?rest_route=%2Fwp%2Fv2%2Fcomments&post=257"}],"version-history":[{"count":2,"href":"https:\/\/napoleoncup.se\/wp\/index.php?rest_route=\/wp\/v2\/pages\/257\/revisions"}],"predecessor-version":[{"id":261,"href":"https:\/\/napoleoncup.se\/wp\/index.php?rest_route=\/wp\/v2\/pages\/257\/revisions\/261"}],"up":[{"embeddable":true,"href":"https:\/\/napoleoncup.se\/wp\/index.php?rest_route=\/wp\/v2\/pages\/24"}],"wp:attachment":[{"href":"https:\/\/napoleoncup.se\/wp\/index.php?rest_route=%2Fwp%2Fv2%2Fmedia&parent=257"}],"curies":[{"name":"wp","href":"https:\/\/api.w.org\/{rel}","templated":true}]}}