{"id":254,"date":"2023-07-31T22:07:29","date_gmt":"2023-07-31T20:07:29","guid":{"rendered":"https:\/\/napoleoncup.se\/wp\/?page_id=254"},"modified":"2023-07-31T22:21:06","modified_gmt":"2023-07-31T20:21:06","slug":"2022-2","status":"publish","type":"page","link":"https:\/\/napoleoncup.se\/wp\/?page_id=254","title":{"rendered":"2022"},"content":{"rendered":"\n<p>Napoleon Cup, 30 juli 2022, V\u00e4xj\u00f6 GK, V\u00e4xj\u00f6<br \/>Siv Z<br \/><\/p>\n\n\n\n<p>L\u00e4ngsta drive &#8211; damer: <br \/>L\u00e4ngsta drive &#8211; herrar: <br \/>N\u00e4rmast h\u00e5l: <\/p>\n","protected":false},"excerpt":{"rendered":"<p>Napoleon Cup, 30 juli 2022, V\u00e4xj\u00f6 GK, V\u00e4xj\u00f6Siv Z L\u00e4ngsta drive &#8211; damer: L\u00e4ngsta drive &#8211; herrar: N\u00e4rmast h\u00e5l:<\/p>\n","protected":false},"author":1,"featured_media":0,"parent":24,"menu_order":24,"comment_status":"closed","ping_status":"closed","template":"","meta":{"footnotes":""},"class_list":["post-254","page","type-page","status-publish","hentry"],"_links":{"self":[{"href":"https:\/\/napoleoncup.se\/wp\/index.php?rest_route=\/wp\/v2\/pages\/254","targetHints":{"allow":["GET"]}}],"collection":[{"href":"https:\/\/napoleoncup.se\/wp\/index.php?rest_route=\/wp\/v2\/pages"}],"about":[{"href":"https:\/\/napoleoncup.se\/wp\/index.php?rest_route=\/wp\/v2\/types\/page"}],"author":[{"embeddable":true,"href":"https:\/\/napoleoncup.se\/wp\/index.php?rest_route=\/wp\/v2\/users\/1"}],"replies":[{"embeddable":true,"href":"https:\/\/napoleoncup.se\/wp\/index.php?rest_route=%2Fwp%2Fv2%2Fcomments&post=254"}],"version-history":[{"count":2,"href":"https:\/\/napoleoncup.se\/wp\/index.php?rest_route=\/wp\/v2\/pages\/254\/revisions"}],"predecessor-version":[{"id":256,"href":"https:\/\/napoleoncup.se\/wp\/index.php?rest_route=\/wp\/v2\/pages\/254\/revisions\/256"}],"up":[{"embeddable":true,"href":"https:\/\/napoleoncup.se\/wp\/index.php?rest_route=\/wp\/v2\/pages\/24"}],"wp:attachment":[{"href":"https:\/\/napoleoncup.se\/wp\/index.php?rest_route=%2Fwp%2Fv2%2Fmedia&parent=254"}],"curies":[{"name":"wp","href":"https:\/\/api.w.org\/{rel}","templated":true}]}}