{"id":235,"date":"2021-08-02T22:24:56","date_gmt":"2021-08-02T20:24:56","guid":{"rendered":"https:\/\/napoleoncup.se\/wp\/?page_id=235"},"modified":"2021-08-02T22:24:57","modified_gmt":"2021-08-02T20:24:57","slug":"2021-2","status":"publish","type":"page","link":"https:\/\/napoleoncup.se\/wp\/?page_id=235","title":{"rendered":"2021"},"content":{"rendered":"\n<p>Napoleon Cup, 31 juli 2021, Isaberg GK, Hestra<br \/>Henrik Z, 73<br \/>Per B, 78<br \/>Rolf B, 80<br \/>L\u00e4ngsta drive &#8211; damer: Siv Z<br \/>L\u00e4ngsta drive &#8211; herrar: Per B<br \/>N\u00e4rmast h\u00e5l: Per B<\/p>\n","protected":false},"excerpt":{"rendered":"<p>Napoleon Cup, 31 juli 2021, Isaberg GK, HestraHenrik Z, 73Per B, 78Rolf B, 80L\u00e4ngsta drive &#8211; damer: Siv ZL\u00e4ngsta drive &#8211; herrar: Per BN\u00e4rmast h\u00e5l: Per B<\/p>\n","protected":false},"author":1,"featured_media":0,"parent":24,"menu_order":25,"comment_status":"closed","ping_status":"closed","template":"","meta":{"footnotes":""},"class_list":["post-235","page","type-page","status-publish","hentry"],"_links":{"self":[{"href":"https:\/\/napoleoncup.se\/wp\/index.php?rest_route=\/wp\/v2\/pages\/235","targetHints":{"allow":["GET"]}}],"collection":[{"href":"https:\/\/napoleoncup.se\/wp\/index.php?rest_route=\/wp\/v2\/pages"}],"about":[{"href":"https:\/\/napoleoncup.se\/wp\/index.php?rest_route=\/wp\/v2\/types\/page"}],"author":[{"embeddable":true,"href":"https:\/\/napoleoncup.se\/wp\/index.php?rest_route=\/wp\/v2\/users\/1"}],"replies":[{"embeddable":true,"href":"https:\/\/napoleoncup.se\/wp\/index.php?rest_route=%2Fwp%2Fv2%2Fcomments&post=235"}],"version-history":[{"count":1,"href":"https:\/\/napoleoncup.se\/wp\/index.php?rest_route=\/wp\/v2\/pages\/235\/revisions"}],"predecessor-version":[{"id":236,"href":"https:\/\/napoleoncup.se\/wp\/index.php?rest_route=\/wp\/v2\/pages\/235\/revisions\/236"}],"up":[{"embeddable":true,"href":"https:\/\/napoleoncup.se\/wp\/index.php?rest_route=\/wp\/v2\/pages\/24"}],"wp:attachment":[{"href":"https:\/\/napoleoncup.se\/wp\/index.php?rest_route=%2Fwp%2Fv2%2Fmedia&parent=235"}],"curies":[{"name":"wp","href":"https:\/\/api.w.org\/{rel}","templated":true}]}}