{"id":233,"date":"2021-08-02T21:55:25","date_gmt":"2021-08-02T19:55:25","guid":{"rendered":"https:\/\/napoleoncup.se\/wp\/?page_id=233"},"modified":"2021-08-02T22:29:11","modified_gmt":"2021-08-02T20:29:11","slug":"2020-2","status":"publish","type":"page","link":"https:\/\/napoleoncup.se\/wp\/?page_id=233","title":{"rendered":"2020"},"content":{"rendered":"\n<p>Napoleon Cup, 25 juli 2020, Ljuster\u00f6 Golf, Ljuster\u00f6<br \/>Kerstin E, 74<br \/>,<br \/>,<br \/>L\u00e4ngsta drive &#8211; damer:<br \/>L\u00e4ngsta drive &#8211; herrar:<br \/>N\u00e4rmast h\u00e5l:<\/p>\n","protected":false},"excerpt":{"rendered":"<p>Napoleon Cup, 25 juli 2020, Ljuster\u00f6 Golf, Ljuster\u00f6Kerstin E, 74,,L\u00e4ngsta drive &#8211; damer:L\u00e4ngsta drive &#8211; herrar:N\u00e4rmast h\u00e5l:<\/p>\n","protected":false},"author":1,"featured_media":0,"parent":24,"menu_order":27,"comment_status":"closed","ping_status":"closed","template":"","meta":{"footnotes":""},"class_list":["post-233","page","type-page","status-publish","hentry"],"_links":{"self":[{"href":"https:\/\/napoleoncup.se\/wp\/index.php?rest_route=\/wp\/v2\/pages\/233","targetHints":{"allow":["GET"]}}],"collection":[{"href":"https:\/\/napoleoncup.se\/wp\/index.php?rest_route=\/wp\/v2\/pages"}],"about":[{"href":"https:\/\/napoleoncup.se\/wp\/index.php?rest_route=\/wp\/v2\/types\/page"}],"author":[{"embeddable":true,"href":"https:\/\/napoleoncup.se\/wp\/index.php?rest_route=\/wp\/v2\/users\/1"}],"replies":[{"embeddable":true,"href":"https:\/\/napoleoncup.se\/wp\/index.php?rest_route=%2Fwp%2Fv2%2Fcomments&post=233"}],"version-history":[{"count":4,"href":"https:\/\/napoleoncup.se\/wp\/index.php?rest_route=\/wp\/v2\/pages\/233\/revisions"}],"predecessor-version":[{"id":239,"href":"https:\/\/napoleoncup.se\/wp\/index.php?rest_route=\/wp\/v2\/pages\/233\/revisions\/239"}],"up":[{"embeddable":true,"href":"https:\/\/napoleoncup.se\/wp\/index.php?rest_route=\/wp\/v2\/pages\/24"}],"wp:attachment":[{"href":"https:\/\/napoleoncup.se\/wp\/index.php?rest_route=%2Fwp%2Fv2%2Fmedia&parent=233"}],"curies":[{"name":"wp","href":"https:\/\/api.w.org\/{rel}","templated":true}]}}