{"id":2,"date":"2013-08-07T21:01:39","date_gmt":"2013-08-07T19:01:39","guid":{"rendered":"http:\/\/napoleoncup.se\/wp\/?page_id=2"},"modified":"2025-07-28T12:12:51","modified_gmt":"2025-07-28T10:12:51","slug":"start","status":"publish","type":"page","link":"https:\/\/napoleoncup.se\/wp\/","title":{"rendered":"Napoleon Cup"},"content":{"rendered":"<p>H\u00e4r bygger vi upp Napoleon Cups hemsida<\/p>\n<p>Vinnare f\u00f6r alla \u00e5r finns under fliken RESULTAT<\/p>\n<p>Snart kommer bilder fr\u00e5n t\u00e4vlingarna &#8230;<\/p>\n<p>H\u00e4lsningar<\/p>\n<p>TnT<\/p>\n<h2><strong>Stort grattis till 2025 \u00e5rs vinnare:<\/strong><\/h2>\n<p><span style=\"font-size: xx-large;\">Sven B!<br \/>\n<\/span><\/p>\n<p><a href=\"https:\/\/napoleoncup.se\/wp\/wp-content\/uploads\/2025\/07\/sven_2025.png\"><img loading=\"lazy\" decoding=\"async\" class=\"alignnone size-medium wp-image-283\" src=\"https:\/\/napoleoncup.se\/wp\/wp-content\/uploads\/2025\/07\/sven_2025-300x255.png\" alt=\"\" width=\"300\" height=\"255\" srcset=\"https:\/\/napoleoncup.se\/wp\/wp-content\/uploads\/2025\/07\/sven_2025-300x255.png 300w, https:\/\/napoleoncup.se\/wp\/wp-content\/uploads\/2025\/07\/sven_2025.png 719w\" sizes=\"auto, (max-width: 300px) 100vw, 300px\" \/><\/a><\/p>\n","protected":false},"excerpt":{"rendered":"<p>H\u00e4r bygger vi upp Napoleon Cups hemsida Vinnare f\u00f6r alla \u00e5r finns under fliken RESULTAT Snart kommer bilder fr\u00e5n t\u00e4vlingarna &#8230; H\u00e4lsningar TnT Stort grattis till 2025 \u00e5rs vinnare: Sven B!<\/p>\n","protected":false},"author":1,"featured_media":0,"parent":0,"menu_order":0,"comment_status":"closed","ping_status":"closed","template":"","meta":{"footnotes":""},"class_list":["post-2","page","type-page","status-publish","hentry"],"_links":{"self":[{"href":"https:\/\/napoleoncup.se\/wp\/index.php?rest_route=\/wp\/v2\/pages\/2","targetHints":{"allow":["GET"]}}],"collection":[{"href":"https:\/\/napoleoncup.se\/wp\/index.php?rest_route=\/wp\/v2\/pages"}],"about":[{"href":"https:\/\/napoleoncup.se\/wp\/index.php?rest_route=\/wp\/v2\/types\/page"}],"author":[{"embeddable":true,"href":"https:\/\/napoleoncup.se\/wp\/index.php?rest_route=\/wp\/v2\/users\/1"}],"replies":[{"embeddable":true,"href":"https:\/\/napoleoncup.se\/wp\/index.php?rest_route=%2Fwp%2Fv2%2Fcomments&post=2"}],"version-history":[{"count":18,"href":"https:\/\/napoleoncup.se\/wp\/index.php?rest_route=\/wp\/v2\/pages\/2\/revisions"}],"predecessor-version":[{"id":284,"href":"https:\/\/napoleoncup.se\/wp\/index.php?rest_route=\/wp\/v2\/pages\/2\/revisions\/284"}],"wp:attachment":[{"href":"https:\/\/napoleoncup.se\/wp\/index.php?rest_route=%2Fwp%2Fv2%2Fmedia&parent=2"}],"curies":[{"name":"wp","href":"https:\/\/api.w.org\/{rel}","templated":true}]}}