{"id":192,"date":"2019-07-30T22:39:09","date_gmt":"2019-07-30T20:39:09","guid":{"rendered":"http:\/\/napoleoncup.se\/wp\/?page_id=192"},"modified":"2021-08-02T22:23:11","modified_gmt":"2021-08-02T20:23:11","slug":"2019-2","status":"publish","type":"page","link":"https:\/\/napoleoncup.se\/wp\/?page_id=192","title":{"rendered":"2019"},"content":{"rendered":"\n<p>Napoleon Cup, 27 juli 2019, V\u00e4xj\u00f6 GK, V\u00e4xj\u00f6<\/p>\n\n\n\n<ol class=\"wp-block-list\"><li>Kerstin E, 74<\/li><li>,<\/li><li>,<\/li><\/ol>\n\n\n\n<p>L\u00e4ngsta drive &#8211; damer: Siv Z<\/p>\n\n\n\n<p>L\u00e4ngsta drive &#8211; herrar: Per B<\/p>\n\n\n\n<p>N\u00e4rmast h\u00e5l: Kerstin E<\/p>\n\n\n<p><!--EndFragment--><\/p>","protected":false},"excerpt":{"rendered":"<p>Napoleon Cup, 27 juli 2019, V\u00e4xj\u00f6 GK, V\u00e4xj\u00f6 Kerstin E, 74 , , L\u00e4ngsta drive &#8211; damer: Siv Z L\u00e4ngsta drive &#8211; herrar: Per B N\u00e4rmast h\u00e5l: Kerstin E<\/p>\n","protected":false},"author":1,"featured_media":0,"parent":24,"menu_order":28,"comment_status":"closed","ping_status":"closed","template":"","meta":{"footnotes":""},"class_list":["post-192","page","type-page","status-publish","hentry"],"_links":{"self":[{"href":"https:\/\/napoleoncup.se\/wp\/index.php?rest_route=\/wp\/v2\/pages\/192","targetHints":{"allow":["GET"]}}],"collection":[{"href":"https:\/\/napoleoncup.se\/wp\/index.php?rest_route=\/wp\/v2\/pages"}],"about":[{"href":"https:\/\/napoleoncup.se\/wp\/index.php?rest_route=\/wp\/v2\/types\/page"}],"author":[{"embeddable":true,"href":"https:\/\/napoleoncup.se\/wp\/index.php?rest_route=\/wp\/v2\/users\/1"}],"replies":[{"embeddable":true,"href":"https:\/\/napoleoncup.se\/wp\/index.php?rest_route=%2Fwp%2Fv2%2Fcomments&post=192"}],"version-history":[{"count":1,"href":"https:\/\/napoleoncup.se\/wp\/index.php?rest_route=\/wp\/v2\/pages\/192\/revisions"}],"predecessor-version":[{"id":193,"href":"https:\/\/napoleoncup.se\/wp\/index.php?rest_route=\/wp\/v2\/pages\/192\/revisions\/193"}],"up":[{"embeddable":true,"href":"https:\/\/napoleoncup.se\/wp\/index.php?rest_route=\/wp\/v2\/pages\/24"}],"wp:attachment":[{"href":"https:\/\/napoleoncup.se\/wp\/index.php?rest_route=%2Fwp%2Fv2%2Fmedia&parent=192"}],"curies":[{"name":"wp","href":"https:\/\/api.w.org\/{rel}","templated":true}]}}