{"id":184,"date":"2019-07-26T23:51:16","date_gmt":"2019-07-26T21:51:16","guid":{"rendered":"http:\/\/napoleoncup.se\/wp\/?page_id=184"},"modified":"2021-08-02T22:23:05","modified_gmt":"2021-08-02T20:23:05","slug":"2018-2","status":"publish","type":"page","link":"https:\/\/napoleoncup.se\/wp\/?page_id=184","title":{"rendered":"2018"},"content":{"rendered":"\n<p>Napoleon Cup, 28 juli 2018, V\u00e4xj\u00f6 GK, V\u00e4xj\u00f6<\/p>\n\n\n\n<ol class=\"wp-block-list\"><li>Per B, 68<\/li><li>Thorsten B, 69<\/li><li>Rolf B, <\/li><\/ol>\n\n\n\n<p>L\u00e4ngsta drive &#8211; damer: Marita J<\/p>\n\n\n\n<p>L\u00e4ngsta drive &#8211; herrar: Carl Z<\/p>\n\n\n\n<p>N\u00e4rmast h\u00e5l: Carl Z<\/p>\n","protected":false},"excerpt":{"rendered":"<p>Napoleon Cup, 28 juli 2018, V\u00e4xj\u00f6 GK, V\u00e4xj\u00f6 Per B, 68 Thorsten B, 69 Rolf B, L\u00e4ngsta drive &#8211; damer: Marita J L\u00e4ngsta drive &#8211; herrar: Carl Z N\u00e4rmast h\u00e5l: Carl Z<\/p>\n","protected":false},"author":1,"featured_media":0,"parent":24,"menu_order":29,"comment_status":"closed","ping_status":"closed","template":"","meta":{"footnotes":""},"class_list":["post-184","page","type-page","status-publish","hentry"],"_links":{"self":[{"href":"https:\/\/napoleoncup.se\/wp\/index.php?rest_route=\/wp\/v2\/pages\/184","targetHints":{"allow":["GET"]}}],"collection":[{"href":"https:\/\/napoleoncup.se\/wp\/index.php?rest_route=\/wp\/v2\/pages"}],"about":[{"href":"https:\/\/napoleoncup.se\/wp\/index.php?rest_route=\/wp\/v2\/types\/page"}],"author":[{"embeddable":true,"href":"https:\/\/napoleoncup.se\/wp\/index.php?rest_route=\/wp\/v2\/users\/1"}],"replies":[{"embeddable":true,"href":"https:\/\/napoleoncup.se\/wp\/index.php?rest_route=%2Fwp%2Fv2%2Fcomments&post=184"}],"version-history":[{"count":1,"href":"https:\/\/napoleoncup.se\/wp\/index.php?rest_route=\/wp\/v2\/pages\/184\/revisions"}],"predecessor-version":[{"id":185,"href":"https:\/\/napoleoncup.se\/wp\/index.php?rest_route=\/wp\/v2\/pages\/184\/revisions\/185"}],"up":[{"embeddable":true,"href":"https:\/\/napoleoncup.se\/wp\/index.php?rest_route=\/wp\/v2\/pages\/24"}],"wp:attachment":[{"href":"https:\/\/napoleoncup.se\/wp\/index.php?rest_route=%2Fwp%2Fv2%2Fmedia&parent=184"}],"curies":[{"name":"wp","href":"https:\/\/api.w.org\/{rel}","templated":true}]}}