{"id":161,"date":"2017-08-02T20:10:05","date_gmt":"2017-08-02T18:10:05","guid":{"rendered":"http:\/\/napoleoncup.se\/wp\/?page_id=161"},"modified":"2021-08-02T22:22:56","modified_gmt":"2021-08-02T20:22:56","slug":"2017-2","status":"publish","type":"page","link":"https:\/\/napoleoncup.se\/wp\/?page_id=161","title":{"rendered":"2017"},"content":{"rendered":"<p>Napoleon Cup, 29 juli 2017, Kungsbacka GK, Gamla Banan, Kungsbacka<\/p>\n<p>1. Per B, 41 p.<\/p>\n<p>2. Kerstin E, 36 p.<\/p>\n<p>3. Sven B, 35 p.<\/p>\n<p>L\u00e4ngsta drive &#8211; damer: Siv Z<\/p>\n<p>L\u00e4ngsta drive &#8211; herrar: Sven B<\/p>\n<p>N\u00e4rmast h\u00e5l: Sven B<\/p>\n<p>&nbsp;<br \/>\n<a href=\"https:\/\/napoleoncup.se\/wp\/wp-content\/uploads\/2017\/08\/20170729_pris.png\"><br \/>\n<img loading=\"lazy\" decoding=\"async\" class=\"alignleft wp-image-88 size-medium\" src=\"https:\/\/napoleoncup.se\/wp\/wp-content\/uploads\/2017\/08\/20170729_pris.png\" width=\"800\" height=\"450\" \/><\/a><\/p>\n","protected":false},"excerpt":{"rendered":"<p>Napoleon Cup, 29 juli 2017, Kungsbacka GK, Gamla Banan, Kungsbacka 1. Per B, 41 p. 2. Kerstin E, 36 p. 3. Sven B, 35 p. L\u00e4ngsta drive &#8211; damer: Siv Z L\u00e4ngsta drive &#8211; herrar: Sven B N\u00e4rmast h\u00e5l: Sven<\/p>\n","protected":false},"author":1,"featured_media":0,"parent":24,"menu_order":30,"comment_status":"closed","ping_status":"closed","template":"","meta":{"footnotes":""},"class_list":["post-161","page","type-page","status-publish","hentry"],"_links":{"self":[{"href":"https:\/\/napoleoncup.se\/wp\/index.php?rest_route=\/wp\/v2\/pages\/161","targetHints":{"allow":["GET"]}}],"collection":[{"href":"https:\/\/napoleoncup.se\/wp\/index.php?rest_route=\/wp\/v2\/pages"}],"about":[{"href":"https:\/\/napoleoncup.se\/wp\/index.php?rest_route=\/wp\/v2\/types\/page"}],"author":[{"embeddable":true,"href":"https:\/\/napoleoncup.se\/wp\/index.php?rest_route=\/wp\/v2\/users\/1"}],"replies":[{"embeddable":true,"href":"https:\/\/napoleoncup.se\/wp\/index.php?rest_route=%2Fwp%2Fv2%2Fcomments&post=161"}],"version-history":[{"count":6,"href":"https:\/\/napoleoncup.se\/wp\/index.php?rest_route=\/wp\/v2\/pages\/161\/revisions"}],"predecessor-version":[{"id":173,"href":"https:\/\/napoleoncup.se\/wp\/index.php?rest_route=\/wp\/v2\/pages\/161\/revisions\/173"}],"up":[{"embeddable":true,"href":"https:\/\/napoleoncup.se\/wp\/index.php?rest_route=\/wp\/v2\/pages\/24"}],"wp:attachment":[{"href":"https:\/\/napoleoncup.se\/wp\/index.php?rest_route=%2Fwp%2Fv2%2Fmedia&parent=161"}],"curies":[{"name":"wp","href":"https:\/\/api.w.org\/{rel}","templated":true}]}}